{"id":18561,"date":"2022-10-18T12:05:10","date_gmt":"2022-10-18T12:05:10","guid":{"rendered":"https:\/\/asfaltove-vozovky.cz\/?page_id=18561"},"modified":"2024-07-09T06:07:29","modified_gmt":"2024-07-09T06:07:29","slug":"contacts","status":"publish","type":"page","link":"https:\/\/asfaltove-vozovky.cz\/en\/contacts\/","title":{"rendered":"Organizing Committee"},"content":{"rendered":"<p><strong>Road Contractors Association<\/strong><br \/>\nTh\u00e1mova 181\/20, 186 00 Praha 8<br \/>\nCzech Republic<br \/>\nE-mail: <a href=\"mailto:svs@sdruzeni-silnice.cz\">svs@sdruzeni-silnice.cz<\/a><\/p>\n<p>&nbsp;<\/p>\n<div class=\"page-content\">\n<p><strong>Organization of the conference<br \/>\n<\/strong><\/p>\n<p><img decoding=\"async\" class=\" wp-image-18584 alignleft\" src=\"http:\/\/asfaltove-vozovky.cz\/wp-content\/uploads\/2022\/11\/Radka-200x300.jpg\" sizes=\"(max-width: 110px) 100vw, 110px\" srcset=\"https:\/\/asfaltove-vozovky.cz\/wp-content\/uploads\/2022\/11\/Radka-200x300.jpg 200w, https:\/\/asfaltove-vozovky.cz\/wp-content\/uploads\/2022\/11\/Radka-683x1024.jpg 683w, https:\/\/asfaltove-vozovky.cz\/wp-content\/uploads\/2022\/11\/Radka-768x1152.jpg 768w, https:\/\/asfaltove-vozovky.cz\/wp-content\/uploads\/2022\/11\/Radka-1024x1536.jpg 1024w, https:\/\/asfaltove-vozovky.cz\/wp-content\/uploads\/2022\/11\/Radka.jpg 1181w\" alt=\"\" width=\"110\" height=\"165\" \/><\/p>\n<p>&nbsp;<\/p>\n<p>Radka Knottov\u00e1<br \/>\n+420 606 522 341<br \/>\n<a href=\"mailto:radka.knottova@sdruzeni-silnice.cz\">radka.knottova@sdruzeni-silnice.cz<\/a><\/p>\n<p>&nbsp;<\/p>\n<p>&nbsp;<\/p>\n<p><strong>Exhibitors, invoicing<\/strong><\/p>\n<p><img decoding=\"async\" class=\" wp-image-18636 alignleft\" src=\"http:\/\/asfaltove-vozovky.cz\/wp-content\/uploads\/2022\/11\/Romana-II-200x300.jpg\" sizes=\"(max-width: 110px) 100vw, 110px\" srcset=\"https:\/\/asfaltove-vozovky.cz\/wp-content\/uploads\/2022\/11\/Romana-II-200x300.jpg 200w, https:\/\/asfaltove-vozovky.cz\/wp-content\/uploads\/2022\/11\/Romana-II-683x1024.jpg 683w, https:\/\/asfaltove-vozovky.cz\/wp-content\/uploads\/2022\/11\/Romana-II-768x1152.jpg 768w, https:\/\/asfaltove-vozovky.cz\/wp-content\/uploads\/2022\/11\/Romana-II-1024x1536.jpg 1024w, https:\/\/asfaltove-vozovky.cz\/wp-content\/uploads\/2022\/11\/Romana-II-1365x2048.jpg 1365w, https:\/\/asfaltove-vozovky.cz\/wp-content\/uploads\/2022\/11\/Romana-II-scaled.jpg 1707w\" alt=\"\" width=\"110\" height=\"165\" \/><\/p>\n<p>&nbsp;<\/p>\n<p>Romana Vardanov\u00e1<br \/>\n+420 602 217 281<br \/>\n<a href=\"mailto:romana.vardanova@sdruzeni-silnice.cz\">romana.vardanova@sdruzeni-silnice.cz<\/a><\/p>\n<p>&nbsp;<\/p>\n<p>&nbsp;<\/p>\n<p><strong>Media cooperation<br \/>\n<\/strong><\/p>\n<p><img decoding=\"async\" class=\" wp-image-18638 alignleft\" src=\"http:\/\/asfaltove-vozovky.cz\/wp-content\/uploads\/2022\/11\/Eva-200x300.jpg\" sizes=\"(max-width: 109px) 100vw, 109px\" srcset=\"https:\/\/asfaltove-vozovky.cz\/wp-content\/uploads\/2022\/11\/Eva-200x300.jpg 200w, https:\/\/asfaltove-vozovky.cz\/wp-content\/uploads\/2022\/11\/Eva-683x1024.jpg 683w, https:\/\/asfaltove-vozovky.cz\/wp-content\/uploads\/2022\/11\/Eva-768x1152.jpg 768w, https:\/\/asfaltove-vozovky.cz\/wp-content\/uploads\/2022\/11\/Eva-1024x1536.jpg 1024w, https:\/\/asfaltove-vozovky.cz\/wp-content\/uploads\/2022\/11\/Eva.jpg 1181w\" alt=\"\" width=\"109\" height=\"164\" \/><br \/>\nEva Proch\u00e1zkov\u00e1<br \/>\n+420 728 054 964<br \/>\n<a href=\"mailto:eva.prochazkova@sdruzeni-silnice.cz\">eva.prochazkova@sdruzeni-silnice.cz<\/a><\/p>\n<p>&nbsp;<\/p>\n<p>&nbsp;<\/p>\n<p><strong>Accomodation<\/strong><\/p>\n<p><img loading=\"lazy\" decoding=\"async\" class=\" wp-image-18632 alignleft\" src=\"http:\/\/asfaltove-vozovky.cz\/wp-content\/uploads\/2022\/11\/Pavina-II-200x300.jpg\" sizes=\"(max-width: 104px) 100vw, 104px\" srcset=\"https:\/\/asfaltove-vozovky.cz\/wp-content\/uploads\/2022\/11\/Pavina-II-200x300.jpg 200w, https:\/\/asfaltove-vozovky.cz\/wp-content\/uploads\/2022\/11\/Pavina-II-683x1024.jpg 683w, https:\/\/asfaltove-vozovky.cz\/wp-content\/uploads\/2022\/11\/Pavina-II-768x1152.jpg 768w, https:\/\/asfaltove-vozovky.cz\/wp-content\/uploads\/2022\/11\/Pavina-II-1024x1536.jpg 1024w, https:\/\/asfaltove-vozovky.cz\/wp-content\/uploads\/2022\/11\/Pavina-II.jpg 1181w\" alt=\"\" width=\"104\" height=\"156\" \/><br \/>\nPavl\u00edna Jon\u00e1\u0161ov\u00e1<br \/>\n+420 724 101 992<br \/>\n<a href=\"mailto:pavlina.jonasova@sdruzeni-silnice.cz\">pavlina.jonasova@sdruzeni-silnice.cz<\/a><\/p>\n<p>&nbsp;<\/p>\n<p>&nbsp;<\/p>\n<p><strong>Association secretary<\/strong><\/p>\n<p><img loading=\"lazy\" decoding=\"async\" class=\" wp-image-18602 alignleft\" src=\"http:\/\/asfaltove-vozovky.cz\/wp-content\/uploads\/2022\/11\/Petr-200x300.jpg\" sizes=\"(max-width: 100px) 100vw, 100px\" srcset=\"https:\/\/asfaltove-vozovky.cz\/wp-content\/uploads\/2022\/11\/Petr-200x300.jpg 200w, https:\/\/asfaltove-vozovky.cz\/wp-content\/uploads\/2022\/11\/Petr-683x1024.jpg 683w, https:\/\/asfaltove-vozovky.cz\/wp-content\/uploads\/2022\/11\/Petr-768x1152.jpg 768w, https:\/\/asfaltove-vozovky.cz\/wp-content\/uploads\/2022\/11\/Petr-1024x1536.jpg 1024w, https:\/\/asfaltove-vozovky.cz\/wp-content\/uploads\/2022\/11\/Petr.jpg 1181w\" alt=\"\" width=\"100\" height=\"150\" \/><br \/>\nPetr Svoboda<br \/>\n+420 724 174 647<br \/>\n<a href=\"mailto:petr.svoboda@sdruzeni-silnice.cz\">petr.svoboda@sdruzeni-silnice.cz<\/a><\/p>\n<div class=\"post-tags\"><\/div>\n<\/div>\n<p>&nbsp;<\/p>\n<div class=\"elementor elementor-245 elementor-location-footer\" data-elementor-type=\"footer\" data-elementor-id=\"245\">\n<section class=\"elementor-section elementor-top-section elementor-element elementor-element-f0dd0c1 elementor-section-height-min-height elementor-section-boxed elementor-section-height-default elementor-section-items-middle\" data-id=\"f0dd0c1\" data-element_type=\"section\">\n<div class=\"elementor-container elementor-column-gap-default\">\n<div class=\"elementor-column elementor-col-100 elementor-top-column elementor-element elementor-element-6b44b25\" data-id=\"6b44b25\" data-element_type=\"column\">\n<div class=\"elementor-widget-wrap elementor-element-populated\">\n<div id=\"gdpr_footer\" class=\"elementor-element elementor-element-89a5898 elementor-widget elementor-widget-heading\" data-id=\"89a5898\" data-element_type=\"widget\" data-widget_type=\"heading.default\"><\/div>\n<\/div>\n<\/div>\n<\/div>\n<\/section>\n<\/div>\n","protected":false},"excerpt":{"rendered":"<p>Road Contractors Association Th\u00e1mova 181\/20, 186 00 Praha 8 Czech Republic E-mail: svs@sdruzeni-silnice.cz &nbsp; Organization of the conference &nbsp; Radka Knottov\u00e1 +420 606 522 341 radka.knottova@sdruzeni-silnice.cz &nbsp; &nbsp; Exhibitors, invoicing &nbsp; Romana Vardanov\u00e1 +420 602 217 281 romana.vardanova@sdruzeni-silnice.cz &nbsp; &nbsp; Media cooperation Eva Proch\u00e1zkov\u00e1 +420 728 054 964 eva.prochazkova@sdruzeni-silnice.cz &nbsp; &nbsp; Accomodation Pavl\u00edna Jon\u00e1\u0161ov\u00e1 +420 [&hellip;]<\/p>\n","protected":false},"author":2,"featured_media":0,"parent":0,"menu_order":0,"comment_status":"closed","ping_status":"closed","template":"","meta":{"_acf_changed":false,"footnotes":""},"class_list":["post-18561","page","type-page","status-publish","hentry"],"acf":[],"_links":{"self":[{"href":"https:\/\/asfaltove-vozovky.cz\/en\/wp-json\/wp\/v2\/pages\/18561","targetHints":{"allow":["GET"]}}],"collection":[{"href":"https:\/\/asfaltove-vozovky.cz\/en\/wp-json\/wp\/v2\/pages"}],"about":[{"href":"https:\/\/asfaltove-vozovky.cz\/en\/wp-json\/wp\/v2\/types\/page"}],"author":[{"embeddable":true,"href":"https:\/\/asfaltove-vozovky.cz\/en\/wp-json\/wp\/v2\/users\/2"}],"replies":[{"embeddable":true,"href":"https:\/\/asfaltove-vozovky.cz\/en\/wp-json\/wp\/v2\/comments?post=18561"}],"version-history":[{"count":6,"href":"https:\/\/asfaltove-vozovky.cz\/en\/wp-json\/wp\/v2\/pages\/18561\/revisions"}],"predecessor-version":[{"id":18823,"href":"https:\/\/asfaltove-vozovky.cz\/en\/wp-json\/wp\/v2\/pages\/18561\/revisions\/18823"}],"wp:attachment":[{"href":"https:\/\/asfaltove-vozovky.cz\/en\/wp-json\/wp\/v2\/media?parent=18561"}],"curies":[{"name":"wp","href":"https:\/\/api.w.org\/{rel}","templated":true}]}}